{"id":29,"date":"2014-09-24T22:14:02","date_gmt":"2014-09-24T22:14:02","guid":{"rendered":"http:\/\/www.kriesi.at\/themes\/enfold-coming-soon\/?page_id=13"},"modified":"2021-03-19T14:30:31","modified_gmt":"2021-03-19T14:30:31","slug":"coming-soon-page","status":"publish","type":"page","link":"https:\/\/lesballonsderugbyenbois.com\/","title":{"rendered":"Site en cours de construction"},"content":{"rendered":"\n<style type=\"text\/css\" data-created_by=\"avia_inline_auto\" id=\"style-css-av-a2isl-0b9c79bd6f1db5bf1afbc0eb7b658a1c\">\n.avia-section.av-a2isl-0b9c79bd6f1db5bf1afbc0eb7b658a1c{\nbackground-repeat:no-repeat;\nbackground-image:url(https:\/\/lesballonsderugbyenbois.com\/wp-content\/uploads\/2020\/07\/Photo-03-06-2017-14-37-04-copie.jpg);\nbackground-position:50% 50%;\nbackground-attachment:scroll;\n}\n.avia-section.av-a2isl-0b9c79bd6f1db5bf1afbc0eb7b658a1c .av-section-color-overlay{\nopacity:0.8;\nbackground-color:#353535;\n}\n<\/style>\n<div id='av_section_1'  class='avia-section av-a2isl-0b9c79bd6f1db5bf1afbc0eb7b658a1c main_color avia-section-large avia-no-border-styling  avia-builder-el-0  avia-builder-el-no-sibling  avia-full-stretch avia-bg-style-scroll av-section-color-overlay-active  av-minimum-height av-minimum-height-100  container_wrap sidebar_right'  data-section-bg-repeat='stretch' data-av_minimum_height_pc='100'><div class='av-section-color-overlay-wrap'><div class=\"av-section-color-overlay\"><\/div><div class='container av-section-cont-open' ><main  role=\"main\" itemprop=\"mainContentOfPage\"  class='template-page content  av-content-small alpha units'><div class='post-entry post-entry-type-page post-entry-29'><div class='entry-content-wrapper clearfix'>\n<div class='flex_column av-98all-f55f374df0ac7d63df8a77d967fdc777 av_one_fourth  avia-builder-el-1  el_before_av_one_half  avia-builder-el-first  first flex_column_div '   ><\/div><div class='flex_column av-vm29-3a55f2a87516a426890a452968b95f52 av_one_half  avia-builder-el-2  el_after_av_one_fourth  el_before_av_one_fourth  flex_column_div '   ><p>\n<style type=\"text\/css\" data-created_by=\"avia_inline_auto\" id=\"style-css-av-8581h-dbbe15ee32c2553e28f9eb4d685f623f\">\n.avia-image-container.av-8581h-dbbe15ee32c2553e28f9eb4d685f623f .av-image-caption-overlay-center{\ncolor:#ffffff;\n}\n<\/style>\n<div  class='avia-image-container av-8581h-dbbe15ee32c2553e28f9eb4d685f623f av-styling-no-styling avia_animated_image avia_animate_when_almost_visible pop-up avia-align-center  avia-builder-el-3  el_before_av_heading  avia-builder-el-first  '  itemprop=\"image\" itemscope=\"itemscope\" itemtype=\"https:\/\/schema.org\/ImageObject\" ><div class=\"avia-image-container-inner\"><div class=\"avia-image-overlay-wrap\"><img class='wp-image-7 avia-img-lazy-loading-not-7 avia_image' src='https:\/\/lesballonsderugbyenbois.com\/wp-content\/uploads\/2020\/06\/Boite-vecto-phrase-copie-blanc-300x215.png' alt='' title='Pierre Armengaud'  height=\"215\" width=\"300\"  itemprop=\"thumbnailUrl\"  \/><\/div><\/div><\/div><br \/>\n\n<style type=\"text\/css\" data-created_by=\"avia_inline_auto\" id=\"style-css-av-av_heading-7fb7d303c7d447d5fc0cf01082804094\">\n#top .av-special-heading.av-av_heading-7fb7d303c7d447d5fc0cf01082804094{\npadding-bottom:10px;\ncolor:#ffffff;\nfont-size:44px;\n}\n.av-special-heading.av-av_heading-7fb7d303c7d447d5fc0cf01082804094 .special-heading-inner-border{\nborder-color:#ffffff;\n}\n.av-special-heading.av-av_heading-7fb7d303c7d447d5fc0cf01082804094 .av-subheading{\nfont-size:15px;\n}\n<\/style>\n<div  class='av-special-heading av-av_heading-7fb7d303c7d447d5fc0cf01082804094 av-special-heading-h1 custom-color-heading blockquote modern-quote modern-centered  avia-builder-el-4  el_after_av_image  el_before_av_hr  av-thin-font av-inherit-size '><h1 class='av-special-heading-tag '  itemprop=\"headline\"  >Bient\u00f4t <strong>en ligne<\/strong><\/h1><div class='av_custom_color av-subheading av-subheading_below '><p>Notre nouveau site internet est actuellement en cours de production, \u00e0 tr\u00e8s bient\u00f4t !<\/p>\n<\/div><div class='special-heading-border'><div class='special-heading-inner-border'><\/div><\/div><\/div><br \/>\n\n<style type=\"text\/css\" data-created_by=\"avia_inline_auto\" id=\"style-css-av-kcff3cku-62a20f8afbaf0e31282bc4aede5f3e5d\">\n#top .hr.av-kcff3cku-62a20f8afbaf0e31282bc4aede5f3e5d{\nmargin-top:30px;\nmargin-bottom:30px;\n}\n.hr.av-kcff3cku-62a20f8afbaf0e31282bc4aede5f3e5d .hr-inner{\nwidth:50px;\nborder-color:#ffffff;\n}\n<\/style>\n<div  class='hr av-kcff3cku-62a20f8afbaf0e31282bc4aede5f3e5d hr-custom  avia-builder-el-5  el_after_av_heading  avia-builder-el-last  hr-center hr-icon-no '><span class='hr-inner inner-border-av-border-thin'><span class=\"hr-inner-style\"><\/span><\/span><\/div><\/p><\/div><div class='flex_column av-6omzh-5acb67d0a7cf8e5332bbddbe3bb3bde8 av_one_fourth  avia-builder-el-6  el_after_av_one_half  el_before_av_one_half  flex_column_div '   ><\/div><div class='flex_column av-6omzh-b30a51ea7812de7eaf5d656850bea956 av_one_half  avia-builder-el-7  el_after_av_one_fourth  el_before_av_one_half  first flex_column_div column-top-margin'   ><section class=\"av_textblock_section \"  itemscope=\"itemscope\" itemtype=\"https:\/\/schema.org\/CreativeWork\" ><div class='avia_textblock  av_inherit_color '  style='font-size:15px; color:#ffffff; '  itemprop=\"text\" ><h3 style=\"text-align: left;\">Dans l&rsquo;attente de notre nouveau site, la vente continue \u00e0 distance (Porte-clefs, Ballons de rugby en bois&#8230;).<\/h3>\n<ul>\n<li>Porte cl\u00e9s r\u00e9plique des ballons Pierre Armengaud :\u00a0 \u00e0 partir de 18\u20ac<\/li>\n<li>Gravures personnalis\u00e9es : 12\u20ac<\/li>\n<li>Ballons petite taille :\u00a0 \u00e0 partir de 180\u20ac<\/li>\n<li>Ballons demi taille :\u00a0 \u00e0 partir de 295\u20ac<\/li>\n<li>Ballons taille r\u00e9elle : \u00e0 partir de 360\u20ac<\/li>\n<li>Socles ronds crampons :\u00a0 \u00e0 partir de 80\u20ac<\/li>\n<li>Socles rectangles ou carr\u00e9s :\u00a0 \u00e0 partir de 110\u20ac<\/li>\n<li>Gravure ballon :\u00a0 \u00e0 partir de 35\u20ac<\/li>\n<li>Gravure socle :\u00a0 \u00e0 partir de 25\u20ac<\/li>\n<\/ul>\n<\/div><\/section><br \/>\n\n<style type=\"text\/css\" data-created_by=\"avia_inline_auto\" id=\"style-css-av-av_heading-bbf4239720a276bdcdba2e81dfaad1bc\">\n#top .av-special-heading.av-av_heading-bbf4239720a276bdcdba2e81dfaad1bc{\npadding-bottom:10px;\ncolor:#ffffff;\nfont-size:44px;\n}\n.av-special-heading.av-av_heading-bbf4239720a276bdcdba2e81dfaad1bc .special-heading-inner-border{\nborder-color:#ffffff;\n}\n<\/style>\n<div  class='av-special-heading av-av_heading-bbf4239720a276bdcdba2e81dfaad1bc av-special-heading-h3 custom-color-heading blockquote modern-quote  avia-builder-el-9  el_after_av_textblock  el_before_av_textblock  av-inherit-size '><h3 class='av-special-heading-tag '  itemprop=\"headline\"  >L\u2019atelier<\/h3><div class='special-heading-border'><div class='special-heading-inner-border'><\/div><\/div><\/div><br \/>\n<section class=\"av_textblock_section \"  itemscope=\"itemscope\" itemtype=\"https:\/\/schema.org\/CreativeWork\" ><div class='avia_textblock  av_inherit_color '  style='font-size:15px; color:#ffffff; '  itemprop=\"text\" ><p style=\"text-align: left;\">Les Ballons de Rugby en Bois<\/p>\n<p style=\"text-align: left;\">Le Moulin de la Jalousie 11420 Belpech<\/p>\n<p style=\"text-align: left;\"><strong>Visite boutique sur Rendez-vous<br \/>\n06.07.60.36.17<\/strong><\/p>\n<\/div><\/section><\/p><\/div><div class='flex_column av-6omzh-5acb67d0a7cf8e5332bbddbe3bb3bde8 av_one_half  avia-builder-el-11  el_after_av_one_half  avia-builder-el-last  flex_column_div column-top-margin'   ><section class=\"av_textblock_section \"  itemscope=\"itemscope\" itemtype=\"https:\/\/schema.org\/CreativeWork\" ><div class='avia_textblock  av_inherit_color '  style='font-size:15px; color:#ffffff; '  itemprop=\"text\" ><h3 style=\"text-align: left;\">Vous avez un projet \u00ab\u00a0ballon Pierre Armengaud\u00a0\u00bb\u00a0 ? Pour toute demande de tarifs ou d&rsquo;informations, vous pouvez nous contacter via le formulaire ci-dessous :<\/h3>\n<\/div><\/section><br \/>\n<\/p><\/div><\/div><\/div><\/main><!-- close content main element --><\/div><\/div><\/div><div id='after_section_1'  class='main_color av_default_container_wrap container_wrap sidebar_right'  ><div class='container av-section-cont-open' ><div class='template-page content  av-content-small alpha units'><div class='post-entry post-entry-type-page post-entry-29'><div class='entry-content-wrapper clearfix'>\n","protected":false},"excerpt":{"rendered":"","protected":false},"author":1,"featured_media":0,"parent":0,"menu_order":0,"comment_status":"open","ping_status":"open","template":"template-blank.php","meta":[],"yoast_head":"<!-- This site is optimized with the Yoast SEO plugin v18.3 - https:\/\/yoast.com\/wordpress\/plugins\/seo\/ -->\n<title>Site en cours de construction - Les Ballons de Rugby en Bois<\/title>\n<meta name=\"description\" content=\"Pierre Armengaud, Ma\u00eetre Ebeniste \u00e0 Toulouse vous pr\u00e9sente Les Ballons de Rugby en Bois. Bient\u00f4t en ligne !\" \/>\n<meta name=\"robots\" content=\"index, follow, max-snippet:-1, max-image-preview:large, max-video-preview:-1\" \/>\n<link rel=\"canonical\" href=\"https:\/\/lesballonsderugbyenbois.com\/\" \/>\n<meta property=\"og:locale\" content=\"fr_FR\" \/>\n<meta property=\"og:type\" content=\"article\" \/>\n<meta property=\"og:title\" content=\"Site en cours de construction - Les Ballons de Rugby en Bois\" \/>\n<meta property=\"og:description\" content=\"Pierre Armengaud, Ma\u00eetre Ebeniste \u00e0 Toulouse vous pr\u00e9sente Les Ballons de Rugby en Bois. Bient\u00f4t en ligne !\" \/>\n<meta property=\"og:url\" content=\"https:\/\/lesballonsderugbyenbois.com\/\" \/>\n<meta property=\"og:site_name\" content=\"Les ballons de rugby en bois\" \/>\n<meta property=\"article:modified_time\" content=\"2021-03-19T14:30:31+00:00\" \/>\n<meta name=\"twitter:card\" content=\"summary_large_image\" \/>\n<meta name=\"twitter:label1\" content=\"Dur\u00e9e de lecture estim\u00e9e\" \/>\n\t<meta name=\"twitter:data1\" content=\"4 minutes\" \/>\n<script type=\"application\/ld+json\" class=\"yoast-schema-graph\">{\"@context\":\"https:\/\/schema.org\",\"@graph\":[{\"@type\":\"WebSite\",\"@id\":\"https:\/\/lesballonsderugbyenbois.com\/#website\",\"url\":\"https:\/\/lesballonsderugbyenbois.com\/\",\"name\":\"Les ballons de rugby en bois\",\"description\":\"\",\"potentialAction\":[{\"@type\":\"SearchAction\",\"target\":{\"@type\":\"EntryPoint\",\"urlTemplate\":\"https:\/\/lesballonsderugbyenbois.com\/?s={search_term_string}\"},\"query-input\":\"required name=search_term_string\"}],\"inLanguage\":\"fr-FR\"},{\"@type\":\"WebPage\",\"@id\":\"https:\/\/lesballonsderugbyenbois.com\/#webpage\",\"url\":\"https:\/\/lesballonsderugbyenbois.com\/\",\"name\":\"Site en cours de construction - Les Ballons de Rugby en Bois\",\"isPartOf\":{\"@id\":\"https:\/\/lesballonsderugbyenbois.com\/#website\"},\"datePublished\":\"2014-09-24T22:14:02+00:00\",\"dateModified\":\"2021-03-19T14:30:31+00:00\",\"description\":\"Pierre Armengaud, Ma\u00eetre Ebeniste \u00e0 Toulouse vous pr\u00e9sente Les Ballons de Rugby en Bois. Bient\u00f4t en ligne !\",\"breadcrumb\":{\"@id\":\"https:\/\/lesballonsderugbyenbois.com\/#breadcrumb\"},\"inLanguage\":\"fr-FR\",\"potentialAction\":[{\"@type\":\"ReadAction\",\"target\":[\"https:\/\/lesballonsderugbyenbois.com\/\"]}]},{\"@type\":\"BreadcrumbList\",\"@id\":\"https:\/\/lesballonsderugbyenbois.com\/#breadcrumb\",\"itemListElement\":[{\"@type\":\"ListItem\",\"position\":1,\"name\":\"Home\",\"item\":\"https:\/\/lesballonsderugbyenbois.com\/\"},{\"@type\":\"ListItem\",\"position\":2,\"name\":\"Site en cours de construction\"}]}]}<\/script>\n<!-- \/ Yoast SEO plugin. -->","yoast_head_json":{"title":"Site en cours de construction - Les Ballons de Rugby en Bois","description":"Pierre Armengaud, Ma\u00eetre Ebeniste \u00e0 Toulouse vous pr\u00e9sente Les Ballons de Rugby en Bois. Bient\u00f4t en ligne !","robots":{"index":"index","follow":"follow","max-snippet":"max-snippet:-1","max-image-preview":"max-image-preview:large","max-video-preview":"max-video-preview:-1"},"canonical":"https:\/\/lesballonsderugbyenbois.com\/","og_locale":"fr_FR","og_type":"article","og_title":"Site en cours de construction - Les Ballons de Rugby en Bois","og_description":"Pierre Armengaud, Ma\u00eetre Ebeniste \u00e0 Toulouse vous pr\u00e9sente Les Ballons de Rugby en Bois. Bient\u00f4t en ligne !","og_url":"https:\/\/lesballonsderugbyenbois.com\/","og_site_name":"Les ballons de rugby en bois","article_modified_time":"2021-03-19T14:30:31+00:00","twitter_card":"summary_large_image","twitter_misc":{"Dur\u00e9e de lecture estim\u00e9e":"4 minutes"},"schema":{"@context":"https:\/\/schema.org","@graph":[{"@type":"WebSite","@id":"https:\/\/lesballonsderugbyenbois.com\/#website","url":"https:\/\/lesballonsderugbyenbois.com\/","name":"Les ballons de rugby en bois","description":"","potentialAction":[{"@type":"SearchAction","target":{"@type":"EntryPoint","urlTemplate":"https:\/\/lesballonsderugbyenbois.com\/?s={search_term_string}"},"query-input":"required name=search_term_string"}],"inLanguage":"fr-FR"},{"@type":"WebPage","@id":"https:\/\/lesballonsderugbyenbois.com\/#webpage","url":"https:\/\/lesballonsderugbyenbois.com\/","name":"Site en cours de construction - Les Ballons de Rugby en Bois","isPartOf":{"@id":"https:\/\/lesballonsderugbyenbois.com\/#website"},"datePublished":"2014-09-24T22:14:02+00:00","dateModified":"2021-03-19T14:30:31+00:00","description":"Pierre Armengaud, Ma\u00eetre Ebeniste \u00e0 Toulouse vous pr\u00e9sente Les Ballons de Rugby en Bois. Bient\u00f4t en ligne !","breadcrumb":{"@id":"https:\/\/lesballonsderugbyenbois.com\/#breadcrumb"},"inLanguage":"fr-FR","potentialAction":[{"@type":"ReadAction","target":["https:\/\/lesballonsderugbyenbois.com\/"]}]},{"@type":"BreadcrumbList","@id":"https:\/\/lesballonsderugbyenbois.com\/#breadcrumb","itemListElement":[{"@type":"ListItem","position":1,"name":"Home","item":"https:\/\/lesballonsderugbyenbois.com\/"},{"@type":"ListItem","position":2,"name":"Site en cours de construction"}]}]}},"_links":{"self":[{"href":"https:\/\/lesballonsderugbyenbois.com\/index.php\/wp-json\/wp\/v2\/pages\/29"}],"collection":[{"href":"https:\/\/lesballonsderugbyenbois.com\/index.php\/wp-json\/wp\/v2\/pages"}],"about":[{"href":"https:\/\/lesballonsderugbyenbois.com\/index.php\/wp-json\/wp\/v2\/types\/page"}],"author":[{"embeddable":true,"href":"https:\/\/lesballonsderugbyenbois.com\/index.php\/wp-json\/wp\/v2\/users\/1"}],"replies":[{"embeddable":true,"href":"https:\/\/lesballonsderugbyenbois.com\/index.php\/wp-json\/wp\/v2\/comments?post=29"}],"version-history":[{"count":20,"href":"https:\/\/lesballonsderugbyenbois.com\/index.php\/wp-json\/wp\/v2\/pages\/29\/revisions"}],"predecessor-version":[{"id":62,"href":"https:\/\/lesballonsderugbyenbois.com\/index.php\/wp-json\/wp\/v2\/pages\/29\/revisions\/62"}],"wp:attachment":[{"href":"https:\/\/lesballonsderugbyenbois.com\/index.php\/wp-json\/wp\/v2\/media?parent=29"}],"curies":[{"name":"wp","href":"https:\/\/api.w.org\/{rel}","templated":true}]}}